{"id":11604,"date":"2022-10-26T07:48:54","date_gmt":"2022-10-26T07:48:54","guid":{"rendered":"http:\/\/www.nicdarkthemes.com\/themes\/charity-foundation\/wp\/demo\/charity-foundation\/?page_id=11604"},"modified":"2024-07-08T03:10:32","modified_gmt":"2024-07-08T03:10:32","slug":"donate-now","status":"publish","type":"page","link":"https:\/\/fundacorazones.org\/es\/donate-now\/","title":{"rendered":"Donate Now"},"content":{"rendered":"<div data-elementor-type=\"wp-page\" data-elementor-id=\"11604\" class=\"elementor elementor-11604\" data-elementor-post-type=\"page\">\n\t\t\t\t\t\t<section class=\"elementor-section elementor-top-section elementor-element elementor-element-4f2181c2 elementor-section-stretched elementor-section-content-middle elementor-section-boxed elementor-section-height-default elementor-section-height-default\" data-id=\"4f2181c2\" data-element_type=\"section\" data-e-type=\"section\" data-settings=\"{&quot;stretch_section&quot;:&quot;section-stretched&quot;,&quot;background_background&quot;:&quot;classic&quot;}\">\n\t\t\t\t\t\t\t<div class=\"elementor-background-overlay\"><\/div>\n\t\t\t\t\t\t\t<div class=\"elementor-container elementor-column-gap-default\">\n\t\t\t\t\t<div class=\"elementor-column elementor-col-50 elementor-top-column elementor-element elementor-element-6632b7b4\" data-id=\"6632b7b4\" data-element_type=\"column\" data-e-type=\"column\">\n\t\t\t<div class=\"elementor-widget-wrap elementor-element-populated\">\n\t\t\t\t\t\t<div class=\"elementor-element elementor-element-39c87e6d elementor-widget elementor-widget-heading\" data-id=\"39c87e6d\" data-element_type=\"widget\" data-e-type=\"widget\" data-widget_type=\"heading.default\">\n\t\t\t\t<div class=\"elementor-widget-container\">\n\t\t\t\t\t<h2 class=\"elementor-heading-title elementor-size-default\">DONA AHORA<\/h2>\t\t\t\t<\/div>\n\t\t\t\t<\/div>\n\t\t\t\t<div class=\"elementor-element elementor-element-72d47e37 elementor-widget__width-auto elementor-widget-tablet__width-auto elementor-widget-mobile__width-inherit elementor-widget elementor-widget-heading\" data-id=\"72d47e37\" data-element_type=\"widget\" data-e-type=\"widget\" data-widget_type=\"heading.default\">\n\t\t\t\t<div class=\"elementor-widget-container\">\n\t\t\t\t\t<h2 class=\"elementor-heading-title elementor-size-default\">APOYANOS<\/h2>\t\t\t\t<\/div>\n\t\t\t\t<\/div>\n\t\t\t\t<div class=\"elementor-element elementor-element-57ef5bb4 elementor-widget elementor-widget-heading\" data-id=\"57ef5bb4\" data-element_type=\"widget\" data-e-type=\"widget\" data-widget_type=\"heading.default\">\n\t\t\t\t<div class=\"elementor-widget-container\">\n\t\t\t\t\t<p class=\"elementor-heading-title elementor-size-default\">\u00a1Tu donaci\u00f3n puede cambiar vidas! En Corazones por la Vida trabajamos incansablemente para apoyar a ni\u00f1os, mujeres, familias y comunidades enteras que enfrentan situaciones dif\u00edciles. Con su generosidad, podemos llevar a cabo programas educativos, brindar atenci\u00f3n m\u00e9dica, distribuir alimentos y mucho m\u00e1s. Cada donaci\u00f3n, por peque\u00f1a que sea, marca una gran diferencia en la vida de quienes m\u00e1s la necesitan. \u00a1\u00danase a nosotros y done hoy en nuestro sitio web para que juntos podamos seguir haciendo el bien!<\/p>\t\t\t\t<\/div>\n\t\t\t\t<\/div>\n\t\t\t\t<div class=\"elementor-element elementor-element-4e96db91 elementor-icon-list--layout-inline elementor-align-start elementor-mobile-align-center elementor-list-item-link-full_width elementor-widget elementor-widget-icon-list\" data-id=\"4e96db91\" data-element_type=\"widget\" data-e-type=\"widget\" data-widget_type=\"icon-list.default\">\n\t\t\t\t<div class=\"elementor-widget-container\">\n\t\t\t\t\t\t\t<ul class=\"elementor-icon-list-items elementor-inline-items\">\n\t\t\t\t\t\t\t<li class=\"elementor-icon-list-item elementor-inline-item\">\n\t\t\t\t\t\t\t\t\t\t\t<span class=\"elementor-icon-list-icon\">\n\t\t\t\t\t\t\t<i aria-hidden=\"true\" class=\"fab fa-cc-paypal\"><\/i>\t\t\t\t\t\t<\/span>\n\t\t\t\t\t\t\t\t\t\t<span class=\"elementor-icon-list-text\"><\/span>\n\t\t\t\t\t\t\t\t\t<\/li>\n\t\t\t\t\t\t\t\t<li class=\"elementor-icon-list-item elementor-inline-item\">\n\t\t\t\t\t\t\t\t\t\t\t<span class=\"elementor-icon-list-icon\">\n\t\t\t\t\t\t\t<i aria-hidden=\"true\" class=\"fab fa-cc-visa\"><\/i>\t\t\t\t\t\t<\/span>\n\t\t\t\t\t\t\t\t\t\t<span class=\"elementor-icon-list-text\"><\/span>\n\t\t\t\t\t\t\t\t\t<\/li>\n\t\t\t\t\t\t\t\t<li class=\"elementor-icon-list-item elementor-inline-item\">\n\t\t\t\t\t\t\t\t\t\t\t<span class=\"elementor-icon-list-icon\">\n\t\t\t\t\t\t\t<i aria-hidden=\"true\" class=\"fab fa-cc-mastercard\"><\/i>\t\t\t\t\t\t<\/span>\n\t\t\t\t\t\t\t\t\t\t<span class=\"elementor-icon-list-text\"><\/span>\n\t\t\t\t\t\t\t\t\t<\/li>\n\t\t\t\t\t\t<\/ul>\n\t\t\t\t\t\t<\/div>\n\t\t\t\t<\/div>\n\t\t\t\t\t<\/div>\n\t\t<\/div>\n\t\t\t\t<div class=\"elementor-column elementor-col-50 elementor-top-column elementor-element elementor-element-3ec98a2f elementor-invisible\" data-id=\"3ec98a2f\" data-element_type=\"column\" data-e-type=\"column\" data-settings=\"{&quot;background_background&quot;:&quot;classic&quot;,&quot;animation&quot;:&quot;fadeInRight&quot;}\">\n\t\t\t<div class=\"elementor-widget-wrap elementor-element-populated\">\n\t\t\t\t\t\t<div class=\"elementor-element elementor-element-181f7711 elementor-widget elementor-widget-heading\" data-id=\"181f7711\" data-element_type=\"widget\" data-e-type=\"widget\" data-widget_type=\"heading.default\">\n\t\t\t\t<div class=\"elementor-widget-container\">\n\t\t\t\t\t<h3 class=\"elementor-heading-title elementor-size-default\">Apoyanos<\/h3>\t\t\t\t<\/div>\n\t\t\t\t<\/div>\n\t\t\t\t<div class=\"elementor-element elementor-element-294e0d22 elementor-widget elementor-widget-heading\" data-id=\"294e0d22\" data-element_type=\"widget\" data-e-type=\"widget\" data-widget_type=\"heading.default\">\n\t\t\t\t<div class=\"elementor-widget-container\">\n\t\t\t\t\t<p class=\"elementor-heading-title elementor-size-default\">La ayuda de personas como t\u00fa es fundamental para llevar a cabo nuestra labor solidaria.<\/p>\t\t\t\t<\/div>\n\t\t\t\t<\/div>\n\t\t\t\t<div class=\"elementor-element elementor-element-3b1a653 elementor-widget-divider--view-line elementor-widget elementor-widget-divider\" data-id=\"3b1a653\" data-element_type=\"widget\" data-e-type=\"widget\" data-widget_type=\"divider.default\">\n\t\t\t\t<div class=\"elementor-widget-container\">\n\t\t\t\t\t\t\t<div class=\"elementor-divider\">\n\t\t\t<span class=\"elementor-divider-separator\">\n\t\t\t\t\t\t<\/span>\n\t\t<\/div>\n\t\t\t\t\t\t<\/div>\n\t\t\t\t<\/div>\n\t\t\t\t<div class=\"elementor-element elementor-element-1d17a50 elementor-widget elementor-widget-image\" data-id=\"1d17a50\" data-element_type=\"widget\" data-e-type=\"widget\" data-widget_type=\"image.default\">\n\t\t\t\t<div class=\"elementor-widget-container\">\n\t\t\t\t\t\t\t\t\t\t\t\t\t\t\t<img fetchpriority=\"high\" decoding=\"async\" width=\"1024\" height=\"271\" src=\"http:\/\/fundacorazones.org\/wp-content\/uploads\/2024\/04\/PayPal.svg-1024x271.png\" class=\"attachment-large size-large wp-image-14986\" alt=\"\" srcset=\"http:\/\/fundacorazones.org\/wp-content\/uploads\/2024\/04\/PayPal.svg-1024x271.png 1024w, http:\/\/fundacorazones.org\/wp-content\/uploads\/2024\/04\/PayPal.svg-300x79.png 300w, http:\/\/fundacorazones.org\/wp-content\/uploads\/2024\/04\/PayPal.svg-768x203.png 768w, http:\/\/fundacorazones.org\/wp-content\/uploads\/2024\/04\/PayPal.svg-1536x407.png 1536w, http:\/\/fundacorazones.org\/wp-content\/uploads\/2024\/04\/PayPal.svg-2048x542.png 2048w, http:\/\/fundacorazones.org\/wp-content\/uploads\/2024\/04\/PayPal.svg-18x5.png 18w, http:\/\/fundacorazones.org\/wp-content\/uploads\/2024\/04\/PayPal.svg-600x159.png 600w\" sizes=\"(max-width: 1024px) 100vw, 1024px\" \/>\t\t\t\t\t\t\t\t\t\t\t\t\t\t\t<\/div>\n\t\t\t\t<\/div>\n\t\t\t\t<div class=\"elementor-element elementor-element-08d1189 elementor-widget elementor-widget-html\" data-id=\"08d1189\" data-element_type=\"widget\" data-e-type=\"widget\" data-widget_type=\"html.default\">\n\t\t\t\t<div class=\"elementor-widget-container\">\n\t\t\t\t\t<script src=\"https:\/\/www.paypal.com\/sdk\/js?client-id=BAAem4zMBwW76IOxvIIeRgWYE2rji6jMwa8fpeDR1FAgGD3nZnYom4YGsyxJLz3QEEGwqtHJW5kYvprig0&components=hosted-buttons&enable-funding=venmo&currency=USD\"><\/script>\n<div id=\"paypal-container-J632D8E55754Y\"><\/div>\n<script>\n  paypal.HostedButtons({\n    hostedButtonId: \"J632D8E55754Y\",\n  }).render(\"#paypal-container-J632D8E55754Y\")\n<\/script>\t\t\t\t<\/div>\n\t\t\t\t<\/div>\n\t\t\t\t<div class=\"elementor-element elementor-element-edf67d5 elementor-widget-divider--view-line elementor-widget elementor-widget-divider\" data-id=\"edf67d5\" data-element_type=\"widget\" data-e-type=\"widget\" data-widget_type=\"divider.default\">\n\t\t\t\t<div class=\"elementor-widget-container\">\n\t\t\t\t\t\t\t<div class=\"elementor-divider\">\n\t\t\t<span class=\"elementor-divider-separator\">\n\t\t\t\t\t\t<\/span>\n\t\t<\/div>\n\t\t\t\t\t\t<\/div>\n\t\t\t\t<\/div>\n\t\t\t\t<div class=\"elementor-element elementor-element-fe58ad2 elementor-widget elementor-widget-image\" data-id=\"fe58ad2\" data-element_type=\"widget\" data-e-type=\"widget\" data-widget_type=\"image.default\">\n\t\t\t\t<div class=\"elementor-widget-container\">\n\t\t\t\t\t\t\t\t\t\t\t\t\t\t\t<img decoding=\"async\" width=\"1024\" height=\"241\" src=\"http:\/\/fundacorazones.org\/wp-content\/uploads\/2024\/04\/Cash-App_Horizontal-1024x241.png\" class=\"attachment-large size-large wp-image-15002\" alt=\"\" srcset=\"http:\/\/fundacorazones.org\/wp-content\/uploads\/2024\/04\/Cash-App_Horizontal-1024x241.png 1024w, http:\/\/fundacorazones.org\/wp-content\/uploads\/2024\/04\/Cash-App_Horizontal-300x71.png 300w, http:\/\/fundacorazones.org\/wp-content\/uploads\/2024\/04\/Cash-App_Horizontal-768x181.png 768w, http:\/\/fundacorazones.org\/wp-content\/uploads\/2024\/04\/Cash-App_Horizontal-1536x362.png 1536w, http:\/\/fundacorazones.org\/wp-content\/uploads\/2024\/04\/Cash-App_Horizontal-2048x482.png 2048w, http:\/\/fundacorazones.org\/wp-content\/uploads\/2024\/04\/Cash-App_Horizontal-18x4.png 18w, http:\/\/fundacorazones.org\/wp-content\/uploads\/2024\/04\/Cash-App_Horizontal-600x141.png 600w\" sizes=\"(max-width: 1024px) 100vw, 1024px\" \/>\t\t\t\t\t\t\t\t\t\t\t\t\t\t\t<\/div>\n\t\t\t\t<\/div>\n\t\t\t\t<div class=\"elementor-element elementor-element-d032c67 elementor-align-center elementor-widget__width-inherit elementor-widget elementor-widget-button\" data-id=\"d032c67\" data-element_type=\"widget\" data-e-type=\"widget\" data-widget_type=\"button.default\">\n\t\t\t\t<div class=\"elementor-widget-container\">\n\t\t\t\t\t\t\t\t\t<div class=\"elementor-button-wrapper\">\n\t\t\t\t\t<a class=\"elementor-button elementor-button-link elementor-size-sm\" href=\"https:\/\/cash.app\/$fundacorazones\">\n\t\t\t\t\t\t<span class=\"elementor-button-content-wrapper\">\n\t\t\t\t\t\t\t\t\t<span class=\"elementor-button-text\">Cash App<\/span>\n\t\t\t\t\t<\/span>\n\t\t\t\t\t<\/a>\n\t\t\t\t<\/div>\n\t\t\t\t\t\t\t\t<\/div>\n\t\t\t\t<\/div>\n\t\t\t\t<div class=\"elementor-element elementor-element-7b58ee9 elementor-widget-divider--view-line elementor-widget elementor-widget-divider\" data-id=\"7b58ee9\" data-element_type=\"widget\" data-e-type=\"widget\" data-widget_type=\"divider.default\">\n\t\t\t\t<div class=\"elementor-widget-container\">\n\t\t\t\t\t\t\t<div class=\"elementor-divider\">\n\t\t\t<span class=\"elementor-divider-separator\">\n\t\t\t\t\t\t<\/span>\n\t\t<\/div>\n\t\t\t\t\t\t<\/div>\n\t\t\t\t<\/div>\n\t\t\t\t<div class=\"elementor-element elementor-element-019858d elementor-widget elementor-widget-image\" data-id=\"019858d\" data-element_type=\"widget\" data-e-type=\"widget\" data-widget_type=\"image.default\">\n\t\t\t\t<div class=\"elementor-widget-container\">\n\t\t\t\t\t\t\t\t\t\t\t\t\t\t\t<img decoding=\"async\" width=\"300\" height=\"30\" src=\"http:\/\/fundacorazones.org\/wp-content\/uploads\/2024\/07\/2560px-Bank_of_America_logo.svg_-300x30.png\" class=\"attachment-medium size-medium wp-image-15214\" alt=\"\" srcset=\"http:\/\/fundacorazones.org\/wp-content\/uploads\/2024\/07\/2560px-Bank_of_America_logo.svg_-300x30.png 300w, http:\/\/fundacorazones.org\/wp-content\/uploads\/2024\/07\/2560px-Bank_of_America_logo.svg_-1024x104.png 1024w, http:\/\/fundacorazones.org\/wp-content\/uploads\/2024\/07\/2560px-Bank_of_America_logo.svg_-768x78.png 768w, http:\/\/fundacorazones.org\/wp-content\/uploads\/2024\/07\/2560px-Bank_of_America_logo.svg_-1536x156.png 1536w, http:\/\/fundacorazones.org\/wp-content\/uploads\/2024\/07\/2560px-Bank_of_America_logo.svg_-2048x208.png 2048w, http:\/\/fundacorazones.org\/wp-content\/uploads\/2024\/07\/2560px-Bank_of_America_logo.svg_-18x2.png 18w, http:\/\/fundacorazones.org\/wp-content\/uploads\/2024\/07\/2560px-Bank_of_America_logo.svg_-600x61.png 600w\" sizes=\"(max-width: 300px) 100vw, 300px\" \/>\t\t\t\t\t\t\t\t\t\t\t\t\t\t\t<\/div>\n\t\t\t\t<\/div>\n\t\t\t\t<div class=\"elementor-element elementor-element-3bc8072 elementor-widget-divider--view-line elementor-widget elementor-widget-divider\" data-id=\"3bc8072\" data-element_type=\"widget\" data-e-type=\"widget\" data-widget_type=\"divider.default\">\n\t\t\t\t<div class=\"elementor-widget-container\">\n\t\t\t\t\t\t\t<div class=\"elementor-divider\">\n\t\t\t<span class=\"elementor-divider-separator\">\n\t\t\t\t\t\t<\/span>\n\t\t<\/div>\n\t\t\t\t\t\t<\/div>\n\t\t\t\t<\/div>\n\t\t\t\t<div class=\"elementor-element elementor-element-a8a8151 elementor-widget elementor-widget-image\" data-id=\"a8a8151\" data-element_type=\"widget\" data-e-type=\"widget\" data-widget_type=\"image.default\">\n\t\t\t\t<div class=\"elementor-widget-container\">\n\t\t\t\t\t\t\t\t\t\t\t\t\t\t\t<img loading=\"lazy\" decoding=\"async\" width=\"300\" height=\"76\" src=\"http:\/\/fundacorazones.org\/wp-content\/uploads\/2024\/04\/Bancamiga_-1-300x76.png\" class=\"attachment-medium size-medium wp-image-14982\" alt=\"\" srcset=\"http:\/\/fundacorazones.org\/wp-content\/uploads\/2024\/04\/Bancamiga_-1-300x76.png 300w, http:\/\/fundacorazones.org\/wp-content\/uploads\/2024\/04\/Bancamiga_-1-1024x259.png 1024w, http:\/\/fundacorazones.org\/wp-content\/uploads\/2024\/04\/Bancamiga_-1-768x194.png 768w, http:\/\/fundacorazones.org\/wp-content\/uploads\/2024\/04\/Bancamiga_-1-1536x389.png 1536w, http:\/\/fundacorazones.org\/wp-content\/uploads\/2024\/04\/Bancamiga_-1-2048x519.png 2048w, http:\/\/fundacorazones.org\/wp-content\/uploads\/2024\/04\/Bancamiga_-1-18x5.png 18w, http:\/\/fundacorazones.org\/wp-content\/uploads\/2024\/04\/Bancamiga_-1-600x152.png 600w\" sizes=\"(max-width: 300px) 100vw, 300px\" \/>\t\t\t\t\t\t\t\t\t\t\t\t\t\t\t<\/div>\n\t\t\t\t<\/div>\n\t\t\t\t<div class=\"elementor-element elementor-element-d937bc9 elementor-widget elementor-widget-heading\" data-id=\"d937bc9\" data-element_type=\"widget\" data-e-type=\"widget\" data-widget_type=\"heading.default\">\n\t\t\t\t<div class=\"elementor-widget-container\">\n\t\t\t\t\t<h5 class=\"elementor-heading-title elementor-size-default\">Pago Movil<br>RIF: J 297676961<br>Tlf: 0412 3282540<br><br>Cuenta Corriente<br>0172-0111-54-1119708400<\/h5>\t\t\t\t<\/div>\n\t\t\t\t<\/div>\n\t\t\t\t\t<\/div>\n\t\t<\/div>\n\t\t\t\t\t<\/div>\n\t\t<\/section>\n\t\t\t\t<\/div>","protected":false},"excerpt":{"rendered":"<p>Donate Now ! HELP US Your donation can change lives! At Corazones por la Vida, we work tirelessly to support children, women, families and entire communities facing difficult situations. With [&hellip;]<\/p>\n","protected":false},"author":1,"featured_media":13556,"parent":0,"menu_order":0,"comment_status":"closed","ping_status":"closed","template":"","meta":{"give_campaign_id":0,"_price":"","_stock":"","_tribe_ticket_header":"","_tribe_default_ticket_provider":"","_tribe_ticket_capacity":"0","_ticket_start_date":"","_ticket_end_date":"","_tribe_ticket_show_description":"","_tribe_ticket_show_not_going":false,"_tribe_ticket_use_global_stock":"","_tribe_ticket_global_stock_level":"","_global_stock_mode":"","_global_stock_cap":"","_tribe_rsvp_for_event":"","_tribe_ticket_going_count":"","_tribe_ticket_not_going_count":"","_tribe_tickets_list":"[]","_tribe_ticket_has_attendee_info_fields":false,"footnotes":"","_tec_slr_enabled":"","_tec_slr_layout":""},"class_list":["post-11604","page","type-page","status-publish","has-post-thumbnail","hentry"],"campaignId":"","ticketed":false,"_links":{"self":[{"href":"https:\/\/fundacorazones.org\/es\/wp-json\/wp\/v2\/pages\/11604","targetHints":{"allow":["GET"]}}],"collection":[{"href":"https:\/\/fundacorazones.org\/es\/wp-json\/wp\/v2\/pages"}],"about":[{"href":"https:\/\/fundacorazones.org\/es\/wp-json\/wp\/v2\/types\/page"}],"author":[{"embeddable":true,"href":"https:\/\/fundacorazones.org\/es\/wp-json\/wp\/v2\/users\/1"}],"replies":[{"embeddable":true,"href":"https:\/\/fundacorazones.org\/es\/wp-json\/wp\/v2\/comments?post=11604"}],"version-history":[{"count":127,"href":"https:\/\/fundacorazones.org\/es\/wp-json\/wp\/v2\/pages\/11604\/revisions"}],"predecessor-version":[{"id":15229,"href":"https:\/\/fundacorazones.org\/es\/wp-json\/wp\/v2\/pages\/11604\/revisions\/15229"}],"wp:featuredmedia":[{"embeddable":true,"href":"https:\/\/fundacorazones.org\/es\/wp-json\/wp\/v2\/media\/13556"}],"wp:attachment":[{"href":"https:\/\/fundacorazones.org\/es\/wp-json\/wp\/v2\/media?parent=11604"}],"curies":[{"name":"wp","href":"https:\/\/api.w.org\/{rel}","templated":true}]}}